{"id":153,"date":"2014-07-27T18:41:48","date_gmt":"2014-07-27T15:41:48","guid":{"rendered":"http:\/\/www.sage-femme-mayotte.fr\/?page_id=153"},"modified":"2014-07-27T18:41:48","modified_gmt":"2014-07-27T15:41:48","slug":"voyages","status":"publish","type":"page","link":"https:\/\/www.sage-femme-mayotte.fr\/?page_id=153","title":{"rendered":"Voyages"},"content":{"rendered":"<p>Voici ci-dessous la liste des voyages que j&rsquo;ai effectu\u00e9s. J&rsquo;esp\u00e8re qu&rsquo;elle grandira de jour en jour ! ;-)<\/p>\n<ul>\n<li>la R\u00e9union (r\u00e9daction en cours).<\/li>\n<\/ul>\n<p>Parait-il qu&rsquo;il y a plein de voyages \u00e0 faire lorsque l&rsquo;on vient vivre \u00e0 Mayotte (liste non-exhaustive) :<\/p>\n<ul>\n<li>la R\u00e9union,<\/li>\n<li>Madagascar, en plusieurs fois,<\/li>\n<li>K\u00e9nya et Tanzanie : safaris, ascension du Kilimandjaro, Zanzibar,<\/li>\n<li>Afrique du Sud,<\/li>\n<li>les Comores : les \u00eeles de Grande-Comore, Moh\u00e9li et Anjouan,<\/li>\n<li>Maurice&#8230;<\/li>\n<\/ul>\n<p>&#8212;<\/p>\n<p>Cr\u00e9ation le : 27 juil. 2014<\/p>\n<p>Mise \u00e0 jour le :<\/p>\n","protected":false},"excerpt":{"rendered":"<p>Voici ci-dessous la liste des voyages que j&rsquo;ai effectu\u00e9s. J&rsquo;esp\u00e8re qu&rsquo;elle grandira de jour en jour ! ;-) la R\u00e9union (r\u00e9daction en cours). Parait-il qu&rsquo;il y a plein de voyages \u00e0 faire lorsque l&rsquo;on vient vivre \u00e0 Mayotte (liste non-exhaustive) : la R\u00e9union, Madagascar, en plusieurs fois, K\u00e9nya et Tanzanie : safaris, ascension du Kilimandjaro,&#8230; <a class=\"more\" href=\"https:\/\/www.sage-femme-mayotte.fr\/?page_id=153\">Continue reading &rarr;<\/a><\/p>\n","protected":false},"author":1,"featured_media":0,"parent":48,"menu_order":0,"comment_status":"open","ping_status":"open","template":"","meta":{"footnotes":""},"class_list":["post-153","page","type-page","status-publish","hentry"],"jetpack_sharing_enabled":true,"jetpack_shortlink":"https:\/\/wp.me\/P4gtUK-2t","_links":{"self":[{"href":"https:\/\/www.sage-femme-mayotte.fr\/index.php?rest_route=\/wp\/v2\/pages\/153","targetHints":{"allow":["GET"]}}],"collection":[{"href":"https:\/\/www.sage-femme-mayotte.fr\/index.php?rest_route=\/wp\/v2\/pages"}],"about":[{"href":"https:\/\/www.sage-femme-mayotte.fr\/index.php?rest_route=\/wp\/v2\/types\/page"}],"author":[{"embeddable":true,"href":"https:\/\/www.sage-femme-mayotte.fr\/index.php?rest_route=\/wp\/v2\/users\/1"}],"replies":[{"embeddable":true,"href":"https:\/\/www.sage-femme-mayotte.fr\/index.php?rest_route=%2Fwp%2Fv2%2Fcomments&post=153"}],"version-history":[{"count":3,"href":"https:\/\/www.sage-femme-mayotte.fr\/index.php?rest_route=\/wp\/v2\/pages\/153\/revisions"}],"predecessor-version":[{"id":326,"href":"https:\/\/www.sage-femme-mayotte.fr\/index.php?rest_route=\/wp\/v2\/pages\/153\/revisions\/326"}],"up":[{"embeddable":true,"href":"https:\/\/www.sage-femme-mayotte.fr\/index.php?rest_route=\/wp\/v2\/pages\/48"}],"wp:attachment":[{"href":"https:\/\/www.sage-femme-mayotte.fr\/index.php?rest_route=%2Fwp%2Fv2%2Fmedia&parent=153"}],"curies":[{"name":"wp","href":"https:\/\/api.w.org\/{rel}","templated":true}]}}