{"id":43,"date":"2014-01-19T18:57:32","date_gmt":"2014-01-19T15:57:32","guid":{"rendered":"http:\/\/www.sage-femme-mayotte.fr\/?page_id=43"},"modified":"2014-02-02T18:03:06","modified_gmt":"2014-02-02T15:03:06","slug":"julien","status":"publish","type":"page","link":"https:\/\/www.sage-femme-mayotte.fr\/?page_id=43","title":{"rendered":"L&rsquo;auteur"},"content":{"rendered":"<p style=\"text-align: justify;\">Je suis un jeune sage-femme qui a travaill\u00e9 jusqu&rsquo;ici dans des maternit\u00e9s publiques, priv\u00e9es d&rsquo;int\u00e9r\u00eat collectif et priv\u00e9es \u00e0 but lucratif. Depuis l&rsquo;obtention de mon dipl\u00f4me d&rsquo;\u00c9tat j&rsquo;ai exerc\u00e9 dans les services suivants : hospitalisation compl\u00e8te d&rsquo;obst\u00e9trique (\u00ab\u00a0grossesses pathologiques\u00a0\u00bb), hospitalisation de jour d&rsquo;obst\u00e9trique, urgences gyn\u00e9cologiques et obst\u00e9tricales, salles de naissance, et hospitalisation compl\u00e8te de maternit\u00e9 (\u00ab\u00a0suites de couches et suites de c\u00e9sarienne\u00a0\u00bb). Dans des maternit\u00e9s de niveaux 2 et 3.<\/p>\n<p style=\"text-align: justify;\">Le march\u00e9 du travail pour les sages-femmes \u00e9tant ce qu&rsquo;il est, mon dernier CDD s&rsquo;est un jour termin\u00e9, sans que mon employeur n&rsquo;ait de CDI, de stagiairisation, ni m\u00eame de nouveau CDD \u00e0 me proposer. Me voil\u00e0 donc au ch\u00f4mage au 1<sup>er<\/sup> janvier 2014 !<\/p>\n<p style=\"text-align: justify;\">C&rsquo;est dans ce contexte que je me suis d\u00e9cid\u00e9 \u00e0 aller voir autre chose, une autre fa\u00e7on de travailler, loin de tout \u00e7a. J&rsquo;ai donc postul\u00e9 en PMI \u00e0 Mayotte. Et une ou deux semaines apr\u00e8s envoi de ma candidature spontan\u00e9e :\u00a0\u00ab Nous avons un poste pour vous, Monsieur !\u00a0\u00bb. Le temps que ma pr\u00e9d\u00e9cesseure finisse son contrat, que mon dossier soit valid\u00e9, que tout soit r\u00e9gl\u00e9 en m\u00e9tropole et me voil\u00e0 parti dans l&rsquo;Oc\u00e9an indien !<\/p>\n<p style=\"text-align: justify;\">Et, afin de vous faire partager ce p\u00e9riple, j&rsquo;ai ouvert ce site Internet&#8230;<\/p>\n<h3>Formulaire de contact<\/h3>\n<p>Si d&rsquo;aventure vous souhaitiez m&rsquo;\u00e9crire, faire une suggestion, proposer un th\u00e8me ou une rubrique :<\/p>\n<div data-test='contact-form'\n\t\t\tid='contact-form-43'\n\t\t\tclass='jetpack-contact-form-container '\n\t\t\tdata-wp-interactive='jetpack\/form' data-wp-context='{\"formId\":\"43\",\"formHash\":\"315d81c295974cb6927a49f3bbeef61560a41e09\",\"showErrors\":false,\"errors\":[],\"fields\":[],\"isMultiStep\":false,\"useAjax\":true,\"submissionData\":null,\"formattedSubmissionData\":[],\"submissionSuccess\":false,\"submissionError\":null,\"elementId\":\"jp-form-315d81c295974cb6927a49f3bbeef61560a41e09\",\"isSingleInputForm\":false,\"isForcedHorizontal\":false}'\n\t\t\tdata-wp-watch--scroll-to-wrapper=\"callbacks.scrollToWrapper\"\n\t\t>\n<div class=\"contact-form-submission contact-form-ajax-submission\" data-wp-bind--aria-hidden=\"state.isSuccessMessageAriaHidden\" data-wp-class--submission-success=\"context.submissionSuccess\" id=\"contact-form-success-315d81c295974cb6927a49f3bbeef61560a41e09\" tabindex=\"-1\" aria-labelledby=\"contact-form-success-header-315d81c295974cb6927a49f3bbeef61560a41e09\"><p class=\"go-back-message\"><a class=\"link\" role=\"button\" tabindex=\"0\" data-wp-on--click=\"actions.goBack\" href=\"\/index.php?rest_route=%2Fwp%2Fv2%2Fpages%2F43\">\u2190 Retour<\/a><\/p><h4 data-wp-bind--aria-hidden=\"state.isSuccessMessageAriaHidden\" id=\"contact-form-success-header-315d81c295974cb6927a49f3bbeef61560a41e09\">Merci pour votre r\u00e9ponse. \u2728<\/h4>\n\n<template data-wp-each--submission=\"context.formattedSubmissionData\">\n\t\t\t\t\t<div class=\"jetpack_forms_contact-form-success-summary\">\n\t\t\t\t\t\t<div class=\"field-name-wrapper\">\n\t\t\t\t\t\t\t<div class=\"field-type-icon\" data-wp-watch=\"callbacks.watchFieldTypeIcon\"><\/div>\n\t\t\t\t\t\t\t<div class=\"field-name\" data-wp-text=\"context.submission.label\" data-wp-bind--hidden=\"!context.submission.label\"><\/div>\n\t\t\t\t\t\t<\/div>\n\t\t\t\t\t\t<div class=\"field-value\" data-wp-text=\"context.submission.value\" data-wp-bind--hidden=\"!context.submission.showPlainValue\"><\/div>\n\t\t\t\t\t\t<a class=\"field-url\" data-wp-bind--href=\"context.submission.url\" data-wp-text=\"context.submission.value\" data-wp-bind--hidden=\"!context.submission.url\" target=\"_blank\" rel=\"noopener noreferrer\"><\/a>\n\t\t\t\t\t\t<div class=\"field-rating\" data-wp-bind--hidden=\"!context.submission.rating\" data-wp-watch=\"callbacks.watchRatingIcons\"><\/div>\n\t\t\t\t\t\t<div class=\"field-images\" data-wp-bind--hidden=\"!context.submission.images\">\n\t\t\t\t\t\t\t<template data-wp-each--image=\"context.submission.images\">\n\t\t\t\t\t\t\t\t<div class=\"field-image-option\" data-wp-class--is-empty=\"!context.image.src\">\n\t\t\t\t\t\t\t\t\t<figure class=\"field-image-option__image\" data-wp-class--is-empty=\"!context.image.src\">\n\t\t\t\t\t\t\t\t\t\t<img data-wp-bind--src=\"context.image.src\" data-wp-bind--hidden=\"!context.image.src\" \/>\n\t\t\t\t\t\t\t\t\t\t<img decoding=\"async\" src=\"data:image\/gif;base64,R0lGODlhAQABAAD\/ACwAAAAAAQABAAACADs=\" data-wp-bind--hidden=\"context.image.src\" \/>\n\t\t\t\t\t\t\t\t\t<\/figure>\n\t\t\t\t\t\t\t\t\t<div class=\"field-image-option__label-wrapper\">\n\t\t\t\t\t\t\t\t\t\t<span class=\"field-image-option__label-code\" data-wp-text=\"context.image.letterCode\"><\/span>\n\t\t\t\t\t\t\t\t\t\t<span class=\"field-image-option__label\" data-wp-text=\"context.image.label\" data-wp-bind--hidden=\"!context.image.label\"><\/span>\n\t\t\t\t\t\t\t\t\t<\/div>\n\t\t\t\t\t\t\t\t<\/div>\n\t\t\t\t\t\t\t<\/template>\n\t\t\t\t\t\t<\/div>\n\t\t\t\t\t\t<div class=\"field-files\" data-wp-bind--hidden=\"!context.submission.files\">\n\t\t\t\t\t\t\t<template data-wp-each--file=\"context.submission.files\">\n\t\t\t\t\t\t\t\t<div class=\"field-file\">\n\t\t\t\t\t\t\t\t\t<div class=\"field-file__thumbnail\" data-wp-style--background-image=\"context.file.previewUrl\" data-wp-style--mask-image=\"context.file.iconUrl\" data-wp-bind--hidden=\"!context.file.hasPreview\"><\/div>\n\t\t\t\t\t\t\t\t\t<svg class=\"field-file__icon\" data-wp-bind--hidden=\"context.file.hasPreview\" width=\"20\" height=\"20\" viewBox=\"0 0 24 24\" fill=\"none\" xmlns=\"http:\/\/www.w3.org\/2000\/svg\" aria-hidden=\"true\">\n\t\t\t\t\t\t\t\t\t\t<path d=\"M14 2H6C4.9 2 4 2.9 4 4V20C4 21.1 4.89 22 5.99 22H18C19.1 22 20 21.1 20 20V8L14 2ZM18 20H6V4H13V9H18V20Z\" fill=\"currentColor\"\/>\n\t\t\t\t\t\t\t\t\t<\/svg>\n\t\t\t\t\t\t\t\t\t<span class=\"field-file__name\" data-wp-text=\"context.file.name\"><\/span>\n\t\t\t\t\t\t\t\t\t<span class=\"field-file__size\" data-wp-text=\"context.file.size\"><\/span>\n\t\t\t\t\t\t\t\t<\/div>\n\t\t\t\t\t\t\t<\/template>\n\t\t\t\t\t\t<\/div>\n\t\t\t\t\t<\/div>\n\t\t\t\t<\/template><\/div><form action='https:\/\/www.sage-femme-mayotte.fr\/?page_id=43'\n\t\t\t\tid='jp-form-315d81c295974cb6927a49f3bbeef61560a41e09'\n\t\t\t\tmethod='post'\n\t\t\t\tclass='contact-form commentsblock jetpack-contact-form__form has-no-jetpack-form-layout' aria-label=\"L&#039;auteur\"\n\t\t\t\tdata-wp-on--submit=\"actions.onFormSubmit\"\n\t\t\t\tdata-wp-on--reset=\"actions.onFormReset\"\n\t\t\t\tdata-wp-class--submission-success=\"context.submissionSuccess\"\n\t\t\t\tdata-wp-class--is-first-step=\"state.isFirstStep\"\n\t\t\t\tdata-wp-class--is-last-step=\"state.isLastStep\"\n\t\t\t\tdata-wp-class--is-ajax-form=\"context.useAjax\"\n\t\t\t\tnovalidate >\n<input type='hidden' name='jetpack_contact_form_jwt' value='eyJ0eXAiOiJKV1QiLCJhbGciOiJIUzI1NiJ9.eyJlbmNyeXB0ZWRfYXR0cmlidXRlcyI6IkowK1lEbEZaREhjWEhUWGlGOW9TYW0rM2lNKzdNOGwzQTEwcnBpb1FIMzhnZHIzM25mQ3BQaHJ5ZFFrOHZUSFRYQktFQ0hHUHB5Z1ZUWjJ1N2g5WjlreEMrZk4xVHIyYTBUSlJIaWVOWEVCNG5jZjVNai9YTTg3Q0V0d2k3Slkxa2VSZWw3Qi9VZGdxVEszUnoyVXI1VTFlTGFnTW1OT2E1bzVTd2haWmxIMkpqalFPWU16UVFGTFpVWFRjYmZ3M1FGbndzZmw5NFlHdThSdFJNVGRMVjJVV2RHT1F0bEV6WXphWHNoVXJVc0EyT0ZmV1kvYTVFL0FDSTRKK0VveGYwR2FETnh6NERtRHZjVGNqODlBSDZWWnp2Qy95c0loMFpmSWZDTVNLTGRZL2NicWpsZmxZVnhseExtdFhHOWZOT3pWSDVtTFEwSmordDFLZm9oOEdwc01NbFBIdzNFOVhaRW0wbGpFeCtaSjh3ZkVhYlVpNWJLamhwNmtRRnp0cDBFSTVxSGZMSFRieUcrWExrU254SU1IR2MydWRJV1pMYjFxdGROa0RJT1JEWlM2SlJSMWVheXU5V1N3c2hRQ1g2dllhQ2tlb3FvYytSSFdrOTRXYVNSdVF5RlY5cE5NTFRSRkRFN1BaSXdzRkNkWk50NG1WV0tyclRHbk1IWGMzREdYcjF5dHh5Vk9IR2pTaHAwYVF6cHdFckFaaTArZ0pDTmlha01YckVSaWF6NEtSU1VycHRXWDdITUVMNEhZSi8zbllDdVYwT2Ntbm1BV0lYVUlxdDROU05HRFVrZkxIaUJxaStpMUx5bXc2K2JTVTNEZUZCZGEreE95RmlJeGxiYzNKQmFjQ1kyNlQzOFJDaTNUZDkvUjZJbE1Ga0xTUkJHbitLeUNnNUpIczVBaENWSzJYSG5GRmZTSTlaclZPNENyK2NEVTJxVUw4M1NCTXhFTnRhZ3FaN0VQZGcxU3BkUDFJbE0zVlBLenBUa0trTDNPMjkrTnBtemVIYlQxT0VJbGFNZVR5TnovbWR1aFFZUVE4OGVncEVjWFVIcFp6akV4V2dDMHhKRWo5NTY3YTdhRmtQMFhwbTJJS3E4dUI5bWtvekQxakk0REJCS2VsVGt1V2IyK1VGb3lGdTlEQkdCanRWREtnVUxMbHdlaDB4c09lS2ZTL1NIeGtFaVo3b25lUDlUK0kvdm1UUzdrbXVLVGM2c1ZjdWU3aUtBPT0iLCJjb250ZW50IjoiW2NvbnRhY3QtZmllbGQgbGFiZWw9J05vbSBldCBwclx1MDBlOW5vbScgdHlwZT0nbmFtZScgcmVxdWlyZWQ9JzEnL11bY29udGFjdC1maWVsZCBsYWJlbD0nRW1haWwnIHR5cGU9J2VtYWlsJyByZXF1aXJlZD0nMScvXVtjb250YWN0LWZpZWxkIGxhYmVsPSdWb3RyZSBtZXNzYWdlJyB0eXBlPSd0ZXh0YXJlYScgcmVxdWlyZWQ9JzEnL10iLCJoYXNoIjoiMzE1ZDgxYzI5NTk3NGNiNjkyN2E0OWYzYmJlZWY2MTU2MGE0MWUwOSIsInNvdXJjZSI6eyJlbnRyeV90aXRsZSI6IkxcdTIwMTlhdXRldXIiLCJlbnRyeV9wYWdlIjoxLCJzb3VyY2VfaWQiOjQzLCJzb3VyY2VfdHlwZSI6InNpbmdsZSIsInJlcXVlc3RfdXJsIjoiaHR0cHM6Ly93d3cuc2FnZS1mZW1tZS1tYXlvdHRlLmZyIn0sInZlcnNpb24iOjIsImNpcGhlciI6ImFlcy0yNTYtZ2NtIn0.5CAml4hgzLiujr_fNeydI7BMKCLBHxNWOfxDjyut3Fg' \/>\n\n<div style=\"\"  data-wp-interactive=\"jetpack\/form\" data-wp-context='{\"fieldId\":\"g43-nometprnom\",\"fieldType\":\"name\",\"fieldLabel\":\"Nom et pr\\u00e9nom\",\"fieldValue\":\"\",\"fieldPlaceholder\":\"\",\"fieldIsRequired\":\"1\",\"fieldErrorMessage\":\"\",\"fieldExtra\":[],\"formHash\":\"315d81c295974cb6927a49f3bbeef61560a41e09\"}'  class='grunion-field-name-wrap grunion-field-wrap'  data-wp-init='callbacks.initializeField' data-wp-on--jetpack-form-reset='callbacks.initializeField' >\n<label\n\t\t\t\tfor='g43-nometprnom' class=\"grunion-field-label name\" >Nom et pr\u00e9nom<span class=\"grunion-label-required\" aria-hidden=\"true\">(obligatoire)<\/span><\/label>\n<input\n\t\t\t\t\ttype='text'\n\t\t\t\t\tname='g43-nometprnom'\n\t\t\t\t\tid='g43-nometprnom'\n\t\t\t\t\tvalue=''\n\n\t\t\t\t\tdata-wp-bind--aria-invalid='state.fieldAriaInvalid'\n\t\t\t\t\tdata-wp-bind--value='state.getFieldValue'\n\t\t\t\t\taria-describedby='g43-nometprnom-text-error-message'\n\t\t\t\t\tdata-wp-on--input='actions.onFieldChange'\n\t\t\t\t\tdata-wp-on--blur='actions.onFieldBlur'\n\t\t\t\t\tdata-wp-class--has-value='state.hasFieldValue'\n\n\t\t\t\t\tclass='name  grunion-field' \n\t\t\t\t\trequired='true' aria-required='true'  \/>\n \n\t\t\t<div id=\"g43-nometprnom-text-error\" class=\"contact-form__input-error\" data-wp-class--has-errors=\"state.fieldHasErrors\">\n\t\t\t\t<span class=\"contact-form__warning-icon\" aria-hidden=\"true\">\n\t\t\t\t\t<svg width=\"16\" height=\"16\" viewBox=\"0 0 16 16\" fill=\"none\" xmlns=\"http:\/\/www.w3.org\/2000\/svg\">\n\t\t\t\t\t\t<path d=\"M8.50015 11.6402H7.50015V10.6402H8.50015V11.6402Z\" \/>\n\t\t\t\t\t\t<path d=\"M7.50015 9.64018H8.50015V6.30684H7.50015V9.64018Z\" \/>\n\t\t\t\t\t\t<path fill-rule=\"evenodd\" clip-rule=\"evenodd\" d=\"M6.98331 3.0947C7.42933 2.30177 8.57096 2.30177 9.01698 3.09469L13.8771 11.7349C14.3145 12.5126 13.7525 13.4735 12.8602 13.4735H3.14004C2.24774 13.4735 1.68575 12.5126 2.12321 11.7349L6.98331 3.0947ZM8.14541 3.58496C8.08169 3.47168 7.9186 3.47168 7.85488 3.58496L2.99478 12.2251C2.93229 12.3362 3.01257 12.4735 3.14004 12.4735H12.8602C12.9877 12.4735 13.068 12.3362 13.0055 12.2251L8.14541 3.58496Z\" \/>\n\t\t\t\t\t<\/svg>\n\t\t\t\t<\/span>\n\t\t\t\t<span data-wp-text=\"state.errorMessage\" id=\"g43-nometprnom-text-error-message\"><\/span>\n\t\t\t<\/div> \n\t<\/div>\n\n<div style=\"\"  data-wp-interactive=\"jetpack\/form\" data-wp-context='{\"fieldId\":\"g43-email\",\"fieldType\":\"email\",\"fieldLabel\":\"Email\",\"fieldValue\":\"\",\"fieldPlaceholder\":\"\",\"fieldIsRequired\":\"1\",\"fieldErrorMessage\":\"\",\"fieldExtra\":[],\"formHash\":\"315d81c295974cb6927a49f3bbeef61560a41e09\"}'  class='grunion-field-email-wrap grunion-field-wrap'  data-wp-init='callbacks.initializeField' data-wp-on--jetpack-form-reset='callbacks.initializeField' >\n<label\n\t\t\t\tfor='g43-email' class=\"grunion-field-label email\" >Email<span class=\"grunion-label-required\" aria-hidden=\"true\">(obligatoire)<\/span><\/label>\n<input\n\t\t\t\t\ttype='email'\n\t\t\t\t\tname='g43-email'\n\t\t\t\t\tid='g43-email'\n\t\t\t\t\tvalue=''\n\n\t\t\t\t\tdata-wp-bind--aria-invalid='state.fieldAriaInvalid'\n\t\t\t\t\tdata-wp-bind--value='state.getFieldValue'\n\t\t\t\t\taria-describedby='g43-email-email-error-message'\n\t\t\t\t\tdata-wp-on--input='actions.onFieldChange'\n\t\t\t\t\tdata-wp-on--blur='actions.onFieldBlur'\n\t\t\t\t\tdata-wp-class--has-value='state.hasFieldValue'\n\n\t\t\t\t\tclass='email  grunion-field' \n\t\t\t\t\trequired='true' aria-required='true'  \/>\n \n\t\t\t<div id=\"g43-email-email-error\" class=\"contact-form__input-error\" data-wp-class--has-errors=\"state.fieldHasErrors\">\n\t\t\t\t<span class=\"contact-form__warning-icon\" aria-hidden=\"true\">\n\t\t\t\t\t<svg width=\"16\" height=\"16\" viewBox=\"0 0 16 16\" fill=\"none\" xmlns=\"http:\/\/www.w3.org\/2000\/svg\">\n\t\t\t\t\t\t<path d=\"M8.50015 11.6402H7.50015V10.6402H8.50015V11.6402Z\" \/>\n\t\t\t\t\t\t<path d=\"M7.50015 9.64018H8.50015V6.30684H7.50015V9.64018Z\" \/>\n\t\t\t\t\t\t<path fill-rule=\"evenodd\" clip-rule=\"evenodd\" d=\"M6.98331 3.0947C7.42933 2.30177 8.57096 2.30177 9.01698 3.09469L13.8771 11.7349C14.3145 12.5126 13.7525 13.4735 12.8602 13.4735H3.14004C2.24774 13.4735 1.68575 12.5126 2.12321 11.7349L6.98331 3.0947ZM8.14541 3.58496C8.08169 3.47168 7.9186 3.47168 7.85488 3.58496L2.99478 12.2251C2.93229 12.3362 3.01257 12.4735 3.14004 12.4735H12.8602C12.9877 12.4735 13.068 12.3362 13.0055 12.2251L8.14541 3.58496Z\" \/>\n\t\t\t\t\t<\/svg>\n\t\t\t\t<\/span>\n\t\t\t\t<span data-wp-text=\"state.errorMessage\" id=\"g43-email-email-error-message\"><\/span>\n\t\t\t<\/div> \n\t<\/div>\n\n<div style=\"\"  data-wp-interactive=\"jetpack\/form\" data-wp-context='{\"fieldId\":\"g43-votremessage\",\"fieldType\":\"textarea\",\"fieldLabel\":\"Votre message\",\"fieldValue\":\"\",\"fieldPlaceholder\":\"\",\"fieldIsRequired\":\"1\",\"fieldErrorMessage\":\"\",\"fieldExtra\":[],\"formHash\":\"315d81c295974cb6927a49f3bbeef61560a41e09\"}'  class='grunion-field-textarea-wrap grunion-field-wrap'  data-wp-init='callbacks.initializeField' data-wp-on--jetpack-form-reset='callbacks.initializeField' >\n<label\n\t\t\t\tfor='contact-form-comment-g43-votremessage' class=\"grunion-field-label textarea\" >Votre message<span class=\"grunion-label-required\" aria-hidden=\"true\">(obligatoire)<\/span><\/label>\n<textarea\n\t\t                style=''\n\t\t                name='g43-votremessage'\n\t\t                id='contact-form-comment-g43-votremessage'\n\t\t                rows='20'\n\t\t\t\t\t\tdata-wp-text='state.getFieldValue'\n\t\t\t\t\t\tdata-wp-on--input='actions.onFieldChange'\n\t\t\t\t\t\tdata-wp-on--blur='actions.onFieldBlur'\n\t\t\t\t\t\tdata-wp-class--has-value='state.hasFieldValue'\n\t\t\t\t\t\taria-describedby='g43-votremessage-textarea-error-message'\n\t\t\t\t\t\tdata-wp-bind--aria-invalid='state.fieldAriaInvalid'\n\t\t\t\t\t\tclass='textarea  grunion-field'  required aria-required='true'><\/textarea>\n \n\t\t\t<div id=\"g43-votremessage-textarea-error\" class=\"contact-form__input-error\" data-wp-class--has-errors=\"state.fieldHasErrors\">\n\t\t\t\t<span class=\"contact-form__warning-icon\" aria-hidden=\"true\">\n\t\t\t\t\t<svg width=\"16\" height=\"16\" viewBox=\"0 0 16 16\" fill=\"none\" xmlns=\"http:\/\/www.w3.org\/2000\/svg\">\n\t\t\t\t\t\t<path d=\"M8.50015 11.6402H7.50015V10.6402H8.50015V11.6402Z\" \/>\n\t\t\t\t\t\t<path d=\"M7.50015 9.64018H8.50015V6.30684H7.50015V9.64018Z\" \/>\n\t\t\t\t\t\t<path fill-rule=\"evenodd\" clip-rule=\"evenodd\" d=\"M6.98331 3.0947C7.42933 2.30177 8.57096 2.30177 9.01698 3.09469L13.8771 11.7349C14.3145 12.5126 13.7525 13.4735 12.8602 13.4735H3.14004C2.24774 13.4735 1.68575 12.5126 2.12321 11.7349L6.98331 3.0947ZM8.14541 3.58496C8.08169 3.47168 7.9186 3.47168 7.85488 3.58496L2.99478 12.2251C2.93229 12.3362 3.01257 12.4735 3.14004 12.4735H12.8602C12.9877 12.4735 13.068 12.3362 13.0055 12.2251L8.14541 3.58496Z\" \/>\n\t\t\t\t\t<\/svg>\n\t\t\t\t<\/span>\n\t\t\t\t<span data-wp-text=\"state.errorMessage\" id=\"g43-votremessage-textarea-error-message\"><\/span>\n\t\t\t<\/div>\n\t<\/div>\n\t<p class='contact-submit'>\n<div class=\"contact-form__error\" data-wp-class--show-errors=\"state.showFormErrors\"><span class=\"contact-form__warning-icon\" aria-hidden=\"true\"><i><\/i><\/span><span class=\"contact-form__error-message\" tabindex=\"-1\" data-wp-watch=\"callbacks.focusOnValidationError\" data-wp-text=\"state.getFormErrorMessage\"><\/span><ul aria-label=\"Erreurs de formulaire\">\n\t\t\t\t<template data-wp-each=\"state.getErrorList\" data-wp-key=\"context.item.id\">\n\t\t\t\t\t<li><a data-wp-bind--href=\"context.item.anchor\" data-wp-on--click=\"actions.scrollIntoView\" data-wp-text=\"context.item.label\"><\/a><\/li>\n\t\t\t\t<\/template>\n\t\t\t\t<\/ul><\/div><div class=\"contact-form__error\" data-wp-class--show-errors=\"state.showSubmissionError\" data-wp-text=\"context.submissionError\" tabindex=\"-1\" data-wp-watch=\"callbacks.focusOnSubmissionError\"><\/div>\t\t<button type='submit' class='pushbutton-wide'>Envoyer<\/button>\t\t<input type='hidden' name='contact-form-id' value='43' \/>\n\t\t<input type='hidden' name='action' value='grunion-contact-form' \/>\n\t\t<input type='hidden' name='contact-form-hash' value='315d81c295974cb6927a49f3bbeef61560a41e09' \/>\n\t<\/p>\n<p style=\"display: none !important;\" class=\"akismet-fields-container\" data-prefix=\"ak_\"><label>&#916;<textarea name=\"ak_hp_textarea\" cols=\"45\" rows=\"8\" maxlength=\"100\"><\/textarea><\/label><input type=\"hidden\" id=\"ak_js_1\" name=\"ak_js\" value=\"163\"\/><script>document.getElementById( \"ak_js_1\" ).setAttribute( \"value\", ( new Date() ).getTime() );<\/script><\/p><\/form>\n<\/div>\n","protected":false},"excerpt":{"rendered":"<p>Je suis un jeune sage-femme qui a travaill\u00e9 jusqu&rsquo;ici dans des maternit\u00e9s publiques, priv\u00e9es d&rsquo;int\u00e9r\u00eat collectif et priv\u00e9es \u00e0 but lucratif. Depuis l&rsquo;obtention de mon dipl\u00f4me d&rsquo;\u00c9tat j&rsquo;ai exerc\u00e9 dans les services suivants : hospitalisation compl\u00e8te d&rsquo;obst\u00e9trique (\u00ab\u00a0grossesses pathologiques\u00a0\u00bb), hospitalisation de jour d&rsquo;obst\u00e9trique, urgences gyn\u00e9cologiques et obst\u00e9tricales, salles de naissance, et hospitalisation compl\u00e8te de maternit\u00e9&#8230; <a class=\"more\" href=\"https:\/\/www.sage-femme-mayotte.fr\/?page_id=43\">Continue reading &rarr;<\/a><\/p>\n","protected":false},"author":1,"featured_media":0,"parent":0,"menu_order":5,"comment_status":"closed","ping_status":"closed","template":"","meta":{"footnotes":""},"class_list":["post-43","page","type-page","status-publish","hentry"],"jetpack_sharing_enabled":false,"jetpack_shortlink":"https:\/\/wp.me\/P4gtUK-H","_links":{"self":[{"href":"https:\/\/www.sage-femme-mayotte.fr\/index.php?rest_route=\/wp\/v2\/pages\/43","targetHints":{"allow":["GET"]}}],"collection":[{"href":"https:\/\/www.sage-femme-mayotte.fr\/index.php?rest_route=\/wp\/v2\/pages"}],"about":[{"href":"https:\/\/www.sage-femme-mayotte.fr\/index.php?rest_route=\/wp\/v2\/types\/page"}],"author":[{"embeddable":true,"href":"https:\/\/www.sage-femme-mayotte.fr\/index.php?rest_route=\/wp\/v2\/users\/1"}],"replies":[{"embeddable":true,"href":"https:\/\/www.sage-femme-mayotte.fr\/index.php?rest_route=%2Fwp%2Fv2%2Fcomments&post=43"}],"version-history":[{"count":12,"href":"https:\/\/www.sage-femme-mayotte.fr\/index.php?rest_route=\/wp\/v2\/pages\/43\/revisions"}],"predecessor-version":[{"id":60,"href":"https:\/\/www.sage-femme-mayotte.fr\/index.php?rest_route=\/wp\/v2\/pages\/43\/revisions\/60"}],"wp:attachment":[{"href":"https:\/\/www.sage-femme-mayotte.fr\/index.php?rest_route=%2Fwp%2Fv2%2Fmedia&parent=43"}],"curies":[{"name":"wp","href":"https:\/\/api.w.org\/{rel}","templated":true}]}}