{"id":46,"date":"2014-01-19T18:58:23","date_gmt":"2014-01-19T15:58:23","guid":{"rendered":"http:\/\/www.sage-femme-mayotte.fr\/?page_id=46"},"modified":"2014-02-03T03:15:33","modified_gmt":"2014-02-03T00:15:33","slug":"sage-femme","status":"publish","type":"page","link":"https:\/\/www.sage-femme-mayotte.fr\/?page_id=46","title":{"rendered":"Sage-femme"},"content":{"rendered":"<p>L&rsquo;exercice de la profession de sage-femme \u00e0 Mayotte est tr\u00e8s diff\u00e9rent de celui en m\u00e9tropole.\u00a0\u00c0 la fois dans les lieux d&rsquo;exercice et dans les pratiques quotidiennes. Cette partie traitera de ces questions.<\/p>\n<p>On y abordera l&rsquo;organisation de l&rsquo;offre de sant\u00e9 de la femme et de sant\u00e9 p\u00e9rinatale, ainsi que l&rsquo;exercice de la profession de sage-femme \u00e0 Mayotte dans ses diff\u00e9rentes formes : en \u00e9tablissement public de sant\u00e9, en PMI<sup>1<\/sup> et en lib\u00e9ral.<\/p>\n<h3>Pages publi\u00e9es<\/h3>\n<p style=\"padding-left: 30px;\">[insert_php]<br \/>\nglobal $id;<br \/>\n        wp_list_pages(\u00ab\u00a0title_li=&#038;child_of=$id\u00a0\u00bb);<br \/>\n[\/insert_php]<\/p>\n<hr align=\"left\" width=\"10%\" \/>\n<p><sup>1<\/sup> PMI : Protection Maternelle et Infantile<\/p>\n","protected":false},"excerpt":{"rendered":"<p>L&rsquo;exercice de la profession de sage-femme \u00e0 Mayotte est tr\u00e8s diff\u00e9rent de celui en m\u00e9tropole.\u00a0\u00c0 la fois dans les lieux d&rsquo;exercice et dans les pratiques quotidiennes. Cette partie traitera de ces questions. On y abordera l&rsquo;organisation de l&rsquo;offre de sant\u00e9 de la femme et de sant\u00e9 p\u00e9rinatale, ainsi que l&rsquo;exercice de la profession de sage-femme&#8230; <a class=\"more\" href=\"https:\/\/www.sage-femme-mayotte.fr\/?page_id=46\">Continue reading &rarr;<\/a><\/p>\n","protected":false},"author":1,"featured_media":0,"parent":0,"menu_order":3,"comment_status":"closed","ping_status":"closed","template":"","meta":{"footnotes":""},"class_list":["post-46","page","type-page","status-publish","hentry"],"jetpack_sharing_enabled":false,"jetpack_shortlink":"https:\/\/wp.me\/P4gtUK-K","_links":{"self":[{"href":"https:\/\/www.sage-femme-mayotte.fr\/index.php?rest_route=\/wp\/v2\/pages\/46","targetHints":{"allow":["GET"]}}],"collection":[{"href":"https:\/\/www.sage-femme-mayotte.fr\/index.php?rest_route=\/wp\/v2\/pages"}],"about":[{"href":"https:\/\/www.sage-femme-mayotte.fr\/index.php?rest_route=\/wp\/v2\/types\/page"}],"author":[{"embeddable":true,"href":"https:\/\/www.sage-femme-mayotte.fr\/index.php?rest_route=\/wp\/v2\/users\/1"}],"replies":[{"embeddable":true,"href":"https:\/\/www.sage-femme-mayotte.fr\/index.php?rest_route=%2Fwp%2Fv2%2Fcomments&post=46"}],"version-history":[{"count":6,"href":"https:\/\/www.sage-femme-mayotte.fr\/index.php?rest_route=\/wp\/v2\/pages\/46\/revisions"}],"predecessor-version":[{"id":184,"href":"https:\/\/www.sage-femme-mayotte.fr\/index.php?rest_route=\/wp\/v2\/pages\/46\/revisions\/184"}],"wp:attachment":[{"href":"https:\/\/www.sage-femme-mayotte.fr\/index.php?rest_route=%2Fwp%2Fv2%2Fmedia&parent=46"}],"curies":[{"name":"wp","href":"https:\/\/api.w.org\/{rel}","templated":true}]}}