{"id":48,"date":"2014-01-19T18:59:01","date_gmt":"2014-01-19T15:59:01","guid":{"rendered":"http:\/\/www.sage-femme-mayotte.fr\/?page_id=48"},"modified":"2014-02-03T03:15:43","modified_gmt":"2014-02-03T00:15:43","slug":"vivre-a-mayotte","status":"publish","type":"page","link":"https:\/\/www.sage-femme-mayotte.fr\/?page_id=48","title":{"rendered":"Vivre \u00e0 Mayotte"},"content":{"rendered":"<p>Vous \u00eates sage-femme et vous partez travailler \u00e0 Mayotte quelques mois ? voire une, deux ou trois ann\u00e9e(s) ? Cet ensemble de pages est fait pour vous alors !&#8230;<\/p>\n<p>Vous trouverez ici des articles sur : les transports de Mayotte, comment se loger, quel est le co\u00fbt de la vie, que faire pendant ses jours de repos, o\u00f9 partir en vacances, la s\u00e9curit\u00e9 des biens et des personnes&#8230;<\/p>\n<p>Tout ce que vous avez toujours voulu savoir avant de partir vivre \u00e0 Mayotte se trouve ici !<\/p>\n<p>Alors bon voyage !<\/p>\n<h3>Pages publi\u00e9es<\/h3>\n<p style=\"padding-left: 30px;\">[insert_php]<br \/>\nglobal $id;<br \/>\n        wp_list_pages(\u00ab\u00a0title_li=&#038;child_of=$id\u00a0\u00bb);<br \/>\n[\/insert_php]<\/p>\n","protected":false},"excerpt":{"rendered":"<p>Vous \u00eates sage-femme et vous partez travailler \u00e0 Mayotte quelques mois ? voire une, deux ou trois ann\u00e9e(s) ? Cet ensemble de pages est fait pour vous alors !&#8230; Vous trouverez ici des articles sur : les transports de Mayotte, comment se loger, quel est le co\u00fbt de la vie, que faire pendant ses jours&#8230; <a class=\"more\" href=\"https:\/\/www.sage-femme-mayotte.fr\/?page_id=48\">Continue reading &rarr;<\/a><\/p>\n","protected":false},"author":1,"featured_media":0,"parent":0,"menu_order":4,"comment_status":"closed","ping_status":"closed","template":"","meta":{"footnotes":""},"class_list":["post-48","page","type-page","status-publish","hentry"],"jetpack_sharing_enabled":false,"jetpack_shortlink":"https:\/\/wp.me\/P4gtUK-M","_links":{"self":[{"href":"https:\/\/www.sage-femme-mayotte.fr\/index.php?rest_route=\/wp\/v2\/pages\/48","targetHints":{"allow":["GET"]}}],"collection":[{"href":"https:\/\/www.sage-femme-mayotte.fr\/index.php?rest_route=\/wp\/v2\/pages"}],"about":[{"href":"https:\/\/www.sage-femme-mayotte.fr\/index.php?rest_route=\/wp\/v2\/types\/page"}],"author":[{"embeddable":true,"href":"https:\/\/www.sage-femme-mayotte.fr\/index.php?rest_route=\/wp\/v2\/users\/1"}],"replies":[{"embeddable":true,"href":"https:\/\/www.sage-femme-mayotte.fr\/index.php?rest_route=%2Fwp%2Fv2%2Fcomments&post=48"}],"version-history":[{"count":6,"href":"https:\/\/www.sage-femme-mayotte.fr\/index.php?rest_route=\/wp\/v2\/pages\/48\/revisions"}],"predecessor-version":[{"id":185,"href":"https:\/\/www.sage-femme-mayotte.fr\/index.php?rest_route=\/wp\/v2\/pages\/48\/revisions\/185"}],"wp:attachment":[{"href":"https:\/\/www.sage-femme-mayotte.fr\/index.php?rest_route=%2Fwp%2Fv2%2Fmedia&parent=48"}],"curies":[{"name":"wp","href":"https:\/\/api.w.org\/{rel}","templated":true}]}}